{"id":276,"date":"2024-03-19T10:07:46","date_gmt":"2024-03-19T10:07:46","guid":{"rendered":"https:\/\/upcofly.com\/?page_id=276"},"modified":"2025-08-27T09:40:01","modified_gmt":"2025-08-27T09:40:01","slug":"cookie-policy","status":"publish","type":"page","link":"https:\/\/upcofly.com\/en\/politica-de-cookies\/","title":{"rendered":"Cookies policy"},"content":{"rendered":"<p class=\"text-muted pt-2\">This cookie policy explains how Upcofly (\"we\", \"us\", \"our\", \"us\") uses cookies and similar technologies to recognise you when you visit our website at upcofly.com. It explains what these technologies are and why we use them, as well as your rights to control their use.<\/p>\n<p><span>What are cookies?<\/span><\/p>\n<p class=\"text-muted pt-2\">Cookies are small text files that are stored on your device when you visit a website. They are widely used to make websites work, or work more efficiently, as well as to provide information to the owners of the site.<\/p>\n<p><span>Why do we use cookies?<\/span><\/p>\n<p class=\"text-muted pt-2\">We use cookies for a number of reasons, which are detailed below. Unfortunately, in most cases, there are no industry standard options to disable cookies without completely disabling the functionality and features they add to this site. It is recommended that you leave all cookies if you are not sure whether you need them or not, in case they are used to provide a service you use.<\/p>\n<p><span>Types of cookies we use<\/span><\/p>\n<p class=\"text-muted pt-2\">Essential cookies: These cookies are necessary for our website to work properly. They allow you to browse our pages and use our essential features. Without these cookies, we cannot provide certain services on our website.<\/p>\n<p class=\"text-muted pt-2\"><strong>Performance cookies:<\/strong>These cookies help us understand how you interact with our website by providing us with information about the areas you visit, the time you spend on the site and any problems you encounter, such as error messages. This helps us to improve the performance of our website.<\/p>\n<p class=\"text-muted pt-2\"><strong>Functionality cookies:<\/strong> These cookies are used to remember choices you make when you use our website, such as remembering your language preferences, authenticating you, or remembering if you have already completed a survey. The information collected by these cookies is anonymous and cannot track your browsing activity on other websites.<\/p>\n<p class=\"text-muted pt-2\"><strong>Marketing cookies:<\/strong> These cookies are used to deliver adverts that are more relevant to you and your interests. They are also used to limit the number of times you see an ad and help measure the effectiveness of an advertising campaign. They are usually placed by ad networks with our permission.<\/p>\n<p><span>Cookie control<\/span><\/p>\n<p class=\"text-muted pt-2\">You can control and manage the use of cookies in your browser. If you choose to disable cookies, some parts of our website may not function properly. For more information on how to control cookies, please visit your browser's website.<\/p>\n<p><span>Changes to our cookie policy<\/span><\/p>\n<p class=\"text-muted pt-2\">Any changes we make to our cookie policy in the future will be posted on this page. Please check this page regularly to keep informed of any updates or changes to our cookie policy.<\/p>\n<p><span>Contact<\/span><\/p>\n<p class=\"text-muted pt-2\">If you have any questions about our cookie policy, please contact us at info@upcofly.com.<\/p>","protected":false},"excerpt":{"rendered":"<p>Esta pol\u00edtica de cookies explica c\u00f3mo Upcofly. (\u00abnosotros\u00bb, \u00abnuestro\u00bb, \u00abnos\u00bb) utiliza cookies y tecnolog\u00edas similares para reconocerte cuando visitas nuestro sitio web en upcofly.com. Explica qu\u00e9 son estas tecnolog\u00edas y por qu\u00e9 las utilizamos, as\u00ed como tus derechos para controlar su uso. \u00bfQu\u00e9 son las cookies? Las cookies son peque\u00f1os archivos de texto que se [&hellip;]<\/p>\n","protected":false},"author":1,"featured_media":0,"parent":0,"menu_order":0,"comment_status":"closed","ping_status":"closed","template":"","meta":{"_acf_changed":false,"site-sidebar-layout":"default","site-content-layout":"","ast-site-content-layout":"default","site-content-style":"default","site-sidebar-style":"default","ast-global-header-display":"","ast-banner-title-visibility":"","ast-main-header-display":"","ast-hfb-above-header-display":"","ast-hfb-below-header-display":"","ast-hfb-mobile-header-display":"","site-post-title":"","ast-breadcrumbs-content":"","ast-featured-img":"","footer-sml-layout":"","ast-disable-related-posts":"","theme-transparent-header-meta":"","adv-header-id-meta":"","stick-header-meta":"","header-above-stick-meta":"","header-main-stick-meta":"","header-below-stick-meta":"","astra-migrate-meta-layouts":"set","ast-page-background-enabled":"default","ast-page-background-meta":{"desktop":{"background-color":"var(--ast-global-color-4)","background-image":"","background-repeat":"repeat","background-position":"center center","background-size":"auto","background-attachment":"scroll","background-type":"","background-media":"","overlay-type":"","overlay-color":"","overlay-opacity":"","overlay-gradient":""},"tablet":{"background-color":"","background-image":"","background-repeat":"repeat","background-position":"center center","background-size":"auto","background-attachment":"scroll","background-type":"","background-media":"","overlay-type":"","overlay-color":"","overlay-opacity":"","overlay-gradient":""},"mobile":{"background-color":"","background-image":"","background-repeat":"repeat","background-position":"center center","background-size":"auto","background-attachment":"scroll","background-type":"","background-media":"","overlay-type":"","overlay-color":"","overlay-opacity":"","overlay-gradient":""}},"ast-content-background-meta":{"desktop":{"background-color":"var(--ast-global-color-5)","background-image":"","background-repeat":"repeat","background-position":"center center","background-size":"auto","background-attachment":"scroll","background-type":"","background-media":"","overlay-type":"","overlay-color":"","overlay-opacity":"","overlay-gradient":""},"tablet":{"background-color":"var(--ast-global-color-5)","background-image":"","background-repeat":"repeat","background-position":"center center","background-size":"auto","background-attachment":"scroll","background-type":"","background-media":"","overlay-type":"","overlay-color":"","overlay-opacity":"","overlay-gradient":""},"mobile":{"background-color":"var(--ast-global-color-5)","background-image":"","background-repeat":"repeat","background-position":"center center","background-size":"auto","background-attachment":"scroll","background-type":"","background-media":"","overlay-type":"","overlay-color":"","overlay-opacity":"","overlay-gradient":""}},"footnotes":""},"class_list":["post-276","page","type-page","status-publish","hentry"],"acf":[],"yoast_head":"<!-- This site is optimized with the Yoast SEO plugin v27.2 - https:\/\/yoast.com\/product\/yoast-seo-wordpress\/ -->\n<title>Pol\u00edtica de cookies - Upcofly.<\/title>\n<meta name=\"robots\" content=\"noindex, nofollow\" \/>\n<meta property=\"og:locale\" content=\"en_GB\" \/>\n<meta property=\"og:type\" content=\"article\" \/>\n<meta property=\"og:title\" content=\"Pol\u00edtica de cookies - Upcofly.\" \/>\n<meta property=\"og:description\" content=\"Esta pol\u00edtica de cookies explica c\u00f3mo Upcofly. (\u00abnosotros\u00bb, \u00abnuestro\u00bb, \u00abnos\u00bb) utiliza cookies y tecnolog\u00edas similares para reconocerte cuando visitas nuestro sitio web en upcofly.com. Explica qu\u00e9 son estas tecnolog\u00edas y por qu\u00e9 las utilizamos, as\u00ed como tus derechos para controlar su uso. \u00bfQu\u00e9 son las cookies? Las cookies son peque\u00f1os archivos de texto que se [&hellip;]\" \/>\n<meta property=\"og:url\" content=\"http:\/\/upcofly.com\/en\/cookie-policy\/\" \/>\n<meta property=\"og:site_name\" content=\"Upcofly.\" \/>\n<meta property=\"article:modified_time\" content=\"2025-08-27T09:40:01+00:00\" \/>\n<meta name=\"twitter:card\" content=\"summary_large_image\" \/>\n<meta name=\"twitter:label1\" content=\"Estimated reading time\" \/>\n\t<meta name=\"twitter:data1\" content=\"3 minutes\" \/>\n<script type=\"application\/ld+json\" class=\"yoast-schema-graph\">{\"@context\":\"https:\/\/schema.org\",\"@graph\":[{\"@type\":\"WebPage\",\"@id\":\"http:\/\/upcofly.com\/en\/cookie-policy\/\",\"url\":\"http:\/\/upcofly.com\/en\/cookie-policy\/\",\"name\":\"Pol\u00edtica de cookies - Upcofly.\",\"isPartOf\":{\"@id\":\"https:\/\/upcofly.com\/en\/#website\"},\"datePublished\":\"2024-03-19T10:07:46+00:00\",\"dateModified\":\"2025-08-27T09:40:01+00:00\",\"breadcrumb\":{\"@id\":\"http:\/\/upcofly.com\/en\/cookie-policy\/#breadcrumb\"},\"inLanguage\":\"en-GB\",\"potentialAction\":[{\"@type\":\"ReadAction\",\"target\":[\"http:\/\/upcofly.com\/en\/cookie-policy\/\"]}]},{\"@type\":\"BreadcrumbList\",\"@id\":\"http:\/\/upcofly.com\/en\/cookie-policy\/#breadcrumb\",\"itemListElement\":[{\"@type\":\"ListItem\",\"position\":1,\"name\":\"Portada\",\"item\":\"https:\/\/upcofly.com\/en\/\"},{\"@type\":\"ListItem\",\"position\":2,\"name\":\"Pol\u00edtica de cookies\"}]},{\"@type\":\"WebSite\",\"@id\":\"https:\/\/upcofly.com\/en\/#website\",\"url\":\"https:\/\/upcofly.com\/en\/\",\"name\":\"Upcofly.\",\"description\":\"\",\"publisher\":{\"@id\":\"https:\/\/upcofly.com\/en\/#organization\"},\"potentialAction\":[{\"@type\":\"SearchAction\",\"target\":{\"@type\":\"EntryPoint\",\"urlTemplate\":\"https:\/\/upcofly.com\/en\/?s={search_term_string}\"},\"query-input\":{\"@type\":\"PropertyValueSpecification\",\"valueRequired\":true,\"valueName\":\"search_term_string\"}}],\"inLanguage\":\"en-GB\"},{\"@type\":\"Organization\",\"@id\":\"https:\/\/upcofly.com\/en\/#organization\",\"name\":\"Upcofly.\",\"url\":\"https:\/\/upcofly.com\/en\/\",\"logo\":{\"@type\":\"ImageObject\",\"inLanguage\":\"en-GB\",\"@id\":\"https:\/\/upcofly.com\/en\/#\/schema\/logo\/image\/\",\"url\":\"https:\/\/upcofly.com\/wp-content\/uploads\/2023\/04\/upcofly-logo.svg\",\"contentUrl\":\"https:\/\/upcofly.com\/wp-content\/uploads\/2023\/04\/upcofly-logo.svg\",\"width\":203,\"height\":58,\"caption\":\"Upcofly.\"},\"image\":{\"@id\":\"https:\/\/upcofly.com\/en\/#\/schema\/logo\/image\/\"}}]}<\/script>\n<!-- \/ Yoast SEO plugin. -->","yoast_head_json":{"title":"Cookie policy - Upcofly.","robots":{"index":"noindex","follow":"nofollow"},"og_locale":"en_GB","og_type":"article","og_title":"Pol\u00edtica de cookies - Upcofly.","og_description":"Esta pol\u00edtica de cookies explica c\u00f3mo Upcofly. (\u00abnosotros\u00bb, \u00abnuestro\u00bb, \u00abnos\u00bb) utiliza cookies y tecnolog\u00edas similares para reconocerte cuando visitas nuestro sitio web en upcofly.com. Explica qu\u00e9 son estas tecnolog\u00edas y por qu\u00e9 las utilizamos, as\u00ed como tus derechos para controlar su uso. \u00bfQu\u00e9 son las cookies? Las cookies son peque\u00f1os archivos de texto que se [&hellip;]","og_url":"http:\/\/upcofly.com\/en\/cookie-policy\/","og_site_name":"Upcofly.","article_modified_time":"2025-08-27T09:40:01+00:00","twitter_card":"summary_large_image","twitter_misc":{"Estimated reading time":"3 minutes"},"schema":{"@context":"https:\/\/schema.org","@graph":[{"@type":"WebPage","@id":"http:\/\/upcofly.com\/en\/cookie-policy\/","url":"http:\/\/upcofly.com\/en\/cookie-policy\/","name":"Cookie policy - Upcofly.","isPartOf":{"@id":"https:\/\/upcofly.com\/en\/#website"},"datePublished":"2024-03-19T10:07:46+00:00","dateModified":"2025-08-27T09:40:01+00:00","breadcrumb":{"@id":"http:\/\/upcofly.com\/en\/cookie-policy\/#breadcrumb"},"inLanguage":"en-GB","potentialAction":[{"@type":"ReadAction","target":["http:\/\/upcofly.com\/en\/cookie-policy\/"]}]},{"@type":"BreadcrumbList","@id":"http:\/\/upcofly.com\/en\/cookie-policy\/#breadcrumb","itemListElement":[{"@type":"ListItem","position":1,"name":"Portada","item":"https:\/\/upcofly.com\/en\/"},{"@type":"ListItem","position":2,"name":"Pol\u00edtica de cookies"}]},{"@type":"WebSite","@id":"https:\/\/upcofly.com\/en\/#website","url":"https:\/\/upcofly.com\/en\/","name":"Upcofly.","description":"","publisher":{"@id":"https:\/\/upcofly.com\/en\/#organization"},"potentialAction":[{"@type":"SearchAction","target":{"@type":"EntryPoint","urlTemplate":"https:\/\/upcofly.com\/en\/?s={search_term_string}"},"query-input":{"@type":"PropertyValueSpecification","valueRequired":true,"valueName":"search_term_string"}}],"inLanguage":"en-GB"},{"@type":"Organization","@id":"https:\/\/upcofly.com\/en\/#organization","name":"Upcofly.","url":"https:\/\/upcofly.com\/en\/","logo":{"@type":"ImageObject","inLanguage":"en-GB","@id":"https:\/\/upcofly.com\/en\/#\/schema\/logo\/image\/","url":"https:\/\/upcofly.com\/wp-content\/uploads\/2023\/04\/upcofly-logo.svg","contentUrl":"https:\/\/upcofly.com\/wp-content\/uploads\/2023\/04\/upcofly-logo.svg","width":203,"height":58,"caption":"Upcofly."},"image":{"@id":"https:\/\/upcofly.com\/en\/#\/schema\/logo\/image\/"}}]}},"_links":{"self":[{"href":"https:\/\/upcofly.com\/en\/wp-json\/wp\/v2\/pages\/276","targetHints":{"allow":["GET"]}}],"collection":[{"href":"https:\/\/upcofly.com\/en\/wp-json\/wp\/v2\/pages"}],"about":[{"href":"https:\/\/upcofly.com\/en\/wp-json\/wp\/v2\/types\/page"}],"author":[{"embeddable":true,"href":"https:\/\/upcofly.com\/en\/wp-json\/wp\/v2\/users\/1"}],"replies":[{"embeddable":true,"href":"https:\/\/upcofly.com\/en\/wp-json\/wp\/v2\/comments?post=276"}],"version-history":[{"count":3,"href":"https:\/\/upcofly.com\/en\/wp-json\/wp\/v2\/pages\/276\/revisions"}],"predecessor-version":[{"id":280,"href":"https:\/\/upcofly.com\/en\/wp-json\/wp\/v2\/pages\/276\/revisions\/280"}],"wp:attachment":[{"href":"https:\/\/upcofly.com\/en\/wp-json\/wp\/v2\/media?parent=276"}],"curies":[{"name":"wp","href":"https:\/\/api.w.org\/{rel}","templated":true}]}}